{"id":8682,"date":"2022-12-04T17:00:32","date_gmt":"2022-12-04T16:00:32","guid":{"rendered":"https:\/\/robertlapoujade.com\/contact\/adhesion\/"},"modified":"2022-12-13T15:36:37","modified_gmt":"2022-12-13T14:36:37","slug":"membership","status":"publish","type":"page","link":"https:\/\/robertlapoujade.com\/en\/contact\/membership\/","title":{"rendered":"Membership"},"content":{"rendered":"\t\t<div data-elementor-type=\"wp-page\" data-elementor-id=\"8682\" class=\"elementor elementor-8682\">\n\t\t\t\t<div class=\"elementor-element elementor-element-f162908 e-flex e-con-boxed e-con e-parent\" data-id=\"f162908\" data-element_type=\"container\" data-e-type=\"container\">\n\t\t\t\t\t<div class=\"e-con-inner\">\n\t\t\t\t<div class=\"elementor-element elementor-element-d4996d6 elementor-widget elementor-widget-heading\" data-id=\"d4996d6\" data-element_type=\"widget\" data-e-type=\"widget\" data-widget_type=\"heading.default\">\n\t\t\t\t<div class=\"elementor-widget-container\">\n\t\t\t\t\t<h2 class=\"elementor-heading-title elementor-size-default\">Membership Form<\/h2>\t\t\t\t<\/div>\n\t\t\t\t<\/div>\n\t\t\t\t\t<\/div>\n\t\t\t\t<\/div>\n\t\t<div class=\"elementor-element elementor-element-a1f33c8 e-flex e-con-boxed e-con e-parent\" data-id=\"a1f33c8\" data-element_type=\"container\" data-e-type=\"container\">\n\t\t\t\t\t<div class=\"e-con-inner\">\n\t\t\t\t<div class=\"elementor-element elementor-element-2856281 elementor-widget elementor-widget-text-editor\" data-id=\"2856281\" data-element_type=\"widget\" data-e-type=\"widget\" data-widget_type=\"text-editor.default\">\n\t\t\t\t<div class=\"elementor-widget-container\">\n\t\t\t\t\t\t\t\t\t<p>Apr\u00e8s avoir soumis ce formulaire, vous recevrez un mail de confirmation avec les options pour r\u00e9gler votre adh\u00e9sion.\u00a0<\/p>\t\t\t\t\t\t\t\t<\/div>\n\t\t\t\t<\/div>\n\t\t\t\t\t<\/div>\n\t\t\t\t<\/div>\n\t\t<div class=\"elementor-element elementor-element-1ac0496 e-flex e-con-boxed e-con e-parent\" data-id=\"1ac0496\" data-element_type=\"container\" data-e-type=\"container\">\n\t\t\t\t\t<div class=\"e-con-inner\">\n\t\t\t\t<div class=\"elementor-element elementor-element-e384a0c fluentform-widget-submit-button-custom elementor-widget elementor-widget-fluent-form-widget\" data-id=\"e384a0c\" data-element_type=\"widget\" data-e-type=\"widget\" data-widget_type=\"fluent-form-widget.default\">\n\t\t\t\t<div class=\"elementor-widget-container\">\n\t\t\t\t\t\n            <div class=\"fluentform-widget-wrapper fluentform-widget-custom-radio-checkbox fluentform-widget-align-default\">\n\n            \n            <div class='fluentform ff-default fluentform_wrapper_6 ffs_default_wrap'><form data-form_id=\"6\" id=\"fluentform_6\" class=\"frm-fluent-form fluent_form_6 ff-el-form-top ff_form_instance_6_1 ff-form-loading ffs_default\" data-form_instance=\"ff_form_instance_6_1\" method=\"POST\" ><fieldset  style=\"border: none!important;margin: 0!important;padding: 0!important;background-color: transparent!important;box-shadow: none!important;outline: none!important; min-inline-size: 100%;\">\n                    <legend class=\"ff_screen_reader_title\" style=\"display: block; margin: 0!important;padding: 0!important;height: 0!important;text-indent: -999999px;width: 0!important;overflow:hidden;\">Membership Form<\/legend><input type='hidden' name='__fluent_form_embded_post_id' value='8682' \/><input type=\"hidden\" id=\"_fluentform_6_fluentformnonce\" name=\"_fluentform_6_fluentformnonce\" value=\"acaef0a45d\" \/><input type=\"hidden\" name=\"_wp_http_referer\" value=\"\/en\/wp-json\/wp\/v2\/pages\/8682\" \/><div data-name=\"ff_cn_id_1\"  class='ff-t-container ff-column-container ff_columns_total_2 '><div class='ff-t-cell ff-t-column-1' style='flex-basis: 50%;'><div class='ff-el-group'><div class=\"ff-el-input--label ff-el-is-required asterisk-right\"><label   aria-label=\"Your membership is personal or as an institution or corporate entity?\">Your membership is personal or as an institution or corporate entity?<\/label><\/div><div class='ff-el-input--content'><div class='ff-el-form-check ff-el-form-check-'><label class='ff-el-form-check-label' for='input_radio_1_dc67aad342c63363b532b3b163a28002'><input  type=\"radio\" name=\"input_radio_1\" data-name=\"input_radio_1\" class=\"ff-el-form-check-input ff-el-form-check-radio\" value=\"Personal\"  id='input_radio_1_dc67aad342c63363b532b3b163a28002' aria-label='Personal' aria-invalid='false' aria-required=true> <span>Personal<\/span><\/label><\/div><div class='ff-el-form-check ff-el-form-check-'><label class='ff-el-form-check-label' for='input_radio_1_ee14ad289c365893056d20b959d1c71e'><input  type=\"radio\" name=\"input_radio_1\" data-name=\"input_radio_1\" class=\"ff-el-form-check-input ff-el-form-check-radio\" value=\"Institution or corporate entity\"  id='input_radio_1_ee14ad289c365893056d20b959d1c71e' aria-label='Institution or corporate entity' aria-invalid='false' aria-required=true> <span>Institution or corporate entity<\/span><\/label><\/div><\/div><\/div><\/div><div class='ff-t-cell ff-t-column-2' style='flex-basis: 50%;'><div class='ff-el-group'><div class=\"ff-el-input--label ff-el-is-required asterisk-right\"><label   aria-label=\"Cat\u00e9gorie d&#039;adh\u00e9sion ?\">Cat\u00e9gorie d'adh\u00e9sion ?<\/label><\/div><div class='ff-el-input--content'><div class='ff-el-form-check ff-el-form-check-'><label class='ff-el-form-check-label' for='input_radio_1ab976061df4af148f80775a6c861061'><input  type=\"radio\" name=\"input_radio\" data-name=\"input_radio\" class=\"ff-el-form-check-input ff-el-form-check-radio\" value=\"Member 20\u20ac\" data-calc_value=\"20\"  id='input_radio_1ab976061df4af148f80775a6c861061' aria-label='Member 20\u20ac' aria-invalid='false' aria-required=true> <span>Member 20\u20ac<\/span><\/label><\/div><div class='ff-el-form-check ff-el-form-check-'><label class='ff-el-form-check-label' for='input_radio_62afd518662f6a8766978ad1d4d29ce7'><input  type=\"radio\" name=\"input_radio\" data-name=\"input_radio\" class=\"ff-el-form-check-input ff-el-form-check-radio\" value=\"Sustaining member 50\u20ac\" data-calc_value=\"50\"  id='input_radio_62afd518662f6a8766978ad1d4d29ce7' aria-label='Sustaining member 50\u20ac' aria-invalid='false' aria-required=true> <span>Sustaining member 50\u20ac<\/span><\/label><\/div><div class='ff-el-form-check ff-el-form-check-'><label class='ff-el-form-check-label' for='input_radio_1099ba062bbfbcd913b0897df0f11977'><input  type=\"radio\" name=\"input_radio\" data-name=\"input_radio\" class=\"ff-el-form-check-input ff-el-form-check-radio\" value=\"Benefactor - all amounts over 50\u20ac\"  id='input_radio_1099ba062bbfbcd913b0897df0f11977' aria-label='Benefactor - all amounts over 50\u20ac' aria-invalid='false' aria-required=true> <span>Benefactor - all amounts over 50\u20ac<\/span><\/label><\/div><\/div><\/div><div class='ff-el-group has-conditions'><div class=\"ff-el-input--label asterisk-right\"><label for='ff_6_numeric-field_1' id='label_ff_6_numeric-field_1' aria-label=\"Gift you plan to give as a Benefactor\">Gift you plan to give as a Benefactor<\/label><\/div><div class='ff-el-input--content'><input type=\"number\" name=\"numeric-field_1\" id=\"ff_6_numeric-field_1\" class=\"ff-el-form-control\" placeholder=\"optional : if you wish to specify the gift which you intend to make as a Benefactor\" data-name=\"numeric-field_1\" inputmode=\"numeric\" step=\"any\"  aria-invalid=\"false\" aria-required=false><\/div><\/div><\/div><\/div><div data-name=\"ff_cn_id_2\"  class='ff-t-container ff-column-container ff_columns_total_2 '><div class='ff-t-cell ff-t-column-1' style='flex-basis: 67.23%;'><div class='ff-el-group has-conditions'><div class=\"ff-el-input--label asterisk-right\"><label for='ff_6_input_text_4' id='label_ff_6_input_text_4' aria-label=\"Name of the institution or corporate entity\">Name of the institution or corporate entity<\/label><\/div><div class='ff-el-input--content'><input type=\"text\" name=\"input_text_4\" class=\"ff-el-form-control\" placeholder=\"Association, institution, ...\" data-name=\"input_text_4\" id=\"ff_6_input_text_4\"  aria-invalid=\"false\" aria-required=false><\/div><\/div><\/div><div class='ff-t-cell ff-t-column-2' style='flex-basis: 32.77%;'><\/div><\/div><div class='ff-el-group  ff-custom_html has-conditions' tabindex='-1' data-name=\"custom_html-6_1\" ><p>Represented by :\u00a0<\/p><\/div><div data-name=\"ff_cn_id_3\"  class='ff-t-container ff-column-container ff_columns_total_2 '><div class='ff-t-cell ff-t-column-1' style='flex-basis: 50%;'><div data-type=\"name-element\" data-name=\"names_1\" class=\" ff-field_container ff-name-field-wrapper\" ><div class='ff-t-container'><div class='ff-t-cell '><div class='ff-el-group  ff-el-form-top'><div class=\"ff-el-input--label asterisk-right\"><label for='ff_6_names_1_first_name_' id='label_ff_6_names_1_first_name_' >First Name<\/label><\/div><div class='ff-el-input--content'><input type=\"text\" name=\"names_1[first_name]\" id=\"ff_6_names_1_first_name_\" class=\"ff-el-form-control\" placeholder=\"First Name\" aria-invalid=\"false\" aria-required=false><\/div><\/div><\/div><div class='ff-t-cell '><div class='ff-el-group  ff-el-form-top'><div class=\"ff-el-input--label asterisk-right\"><label for='ff_6_names_1_last_name_' id='label_ff_6_names_1_last_name_' >Last Name<\/label><\/div><div class='ff-el-input--content'><input type=\"text\" name=\"names_1[last_name]\" id=\"ff_6_names_1_last_name_\" class=\"ff-el-form-control\" placeholder=\"Last name\" aria-invalid=\"false\" aria-required=false><\/div><\/div><\/div><\/div><\/div><\/div><div class='ff-t-cell ff-t-column-2' style='flex-basis: 50%;'><div class='ff-el-group'><div class=\"ff-el-input--label asterisk-right\"><label for='ff_6_email' id='label_ff_6_email' aria-label=\"Email adresse\">Email adresse<\/label><\/div><div class='ff-el-input--content'><input type=\"email\" name=\"email\" id=\"ff_6_email\" class=\"ff-el-form-control\" placeholder=\"Adresse mail\" data-name=\"email\"  aria-invalid=\"false\" aria-required=false><\/div><\/div><\/div><\/div><div data-name=\"ff_cn_id_4\"  class='ff-t-container ff-column-container ff_columns_total_3 '><div class='ff-t-cell ff-t-column-1' style='flex-basis: 50%;'><div class='ff-el-group'><div class=\"ff-el-input--label asterisk-right\"><label for='ff_6_input_text' id='label_ff_6_input_text' aria-label=\"Street address\">Street address<\/label><\/div><div class='ff-el-input--content'><input type=\"text\" name=\"input_text\" class=\"ff-el-form-control\" placeholder=\"Street address\" data-name=\"input_text\" id=\"ff_6_input_text\"  aria-invalid=\"false\" aria-required=false><\/div><\/div><\/div><div class='ff-t-cell ff-t-column-2' style='flex-basis: 16.67%;'><div class='ff-el-group'><div class=\"ff-el-input--label asterisk-right\"><label for='ff_6_input_text_1' id='label_ff_6_input_text_1' aria-label=\"Postal code\">Postal code<\/label><\/div><div class='ff-el-input--content'><input type=\"text\" name=\"input_text_1\" class=\"ff-el-form-control\" placeholder=\"Postal code\" data-name=\"input_text_1\" id=\"ff_6_input_text_1\"  aria-invalid=\"false\" aria-required=false><\/div><\/div><\/div><div class='ff-t-cell ff-t-column-3' style='flex-basis: 33.33%;'><div class='ff-el-group'><div class=\"ff-el-input--label asterisk-right\"><label for='ff_6_input_text_2' id='label_ff_6_input_text_2' aria-label=\"City\">City<\/label><\/div><div class='ff-el-input--content'><input type=\"text\" name=\"input_text_2\" class=\"ff-el-form-control\" placeholder=\"City\" data-name=\"input_text_2\" id=\"ff_6_input_text_2\"  aria-invalid=\"false\" aria-required=false><\/div><\/div><\/div><\/div><div class='ff-el-group'><div class=\"ff-el-input--label asterisk-right\"><label for='ff_6_input_text_8' id='label_ff_6_input_text_8' aria-label=\"Telephone\">Telephone<\/label><\/div><div class='ff-el-input--content'><input type=\"text\" name=\"input_text_8\" class=\"ff-el-form-control\" placeholder=\"Optional : telephone\" data-name=\"input_text_8\" id=\"ff_6_input_text_8\"  aria-invalid=\"false\" aria-required=false><\/div><\/div><div class='ff-el-group ff-text-left ff_submit_btn_wrapper'><button type=\"submit\" class=\"ff-btn ff-btn-submit ff-btn-md ff_btn_style\"  aria-label=\"Envoyer\">Envoyer<\/button><\/div><\/fieldset><\/form><div id='fluentform_6_errors' class='ff-errors-in-stack ff_form_instance_6_1 ff-form-loading_errors ff_form_instance_6_1_errors'><\/div><\/div>            <script type=\"text\/javascript\">\n                window.fluent_form_ff_form_instance_6_1 = {\"id\":\"6\",\"settings\":{\"layout\":{\"labelPlacement\":\"top\",\"helpMessagePlacement\":\"with_label\",\"errorMessagePlacement\":\"inline\",\"cssClassName\":\"\",\"asteriskPlacement\":\"asterisk-right\"},\"restrictions\":{\"denyEmptySubmission\":{\"enabled\":false}}},\"form_instance\":\"ff_form_instance_6_1\",\"form_id_selector\":\"fluentform_6\",\"rules\":{\"input_radio_1\":{\"required\":{\"value\":true,\"message\":\"Ce champ est obligatoire\"}},\"input_radio\":{\"required\":{\"value\":true,\"message\":\"Ce champ est obligatoire\"}},\"numeric-field_1\":{\"required\":{\"value\":false,\"message\":\"Ce champ est obligatoire\"},\"numeric\":{\"value\":true,\"message\":\"Ce champ doit contenir une valeur num\\u00e9rique\"},\"min\":{\"value\":\"\",\"message\":\"Valeur minimale est \"},\"max\":{\"value\":\"\",\"message\":\"Valeur maximale est \"},\"digits\":{\"value\":\"\",\"message\":\"Le nombre de chiffres doit \\u00eatre \"}},\"input_text_4\":{\"required\":{\"value\":false,\"message\":\"Ce champ est obligatoire\"}},\"names_1[first_name]\":{\"required\":{\"value\":false,\"message\":\"Ce champ est obligatoire\"}},\"names_1[middle_name]\":{\"required\":{\"value\":false,\"message\":\"Ce champ est obligatoire\"}},\"names_1[last_name]\":{\"required\":{\"value\":false,\"message\":\"Ce champ est obligatoire\"}},\"email\":{\"required\":{\"value\":false,\"message\":\"Ce champ est obligatoire\"},\"email\":{\"value\":true,\"message\":\"Ce champ doit contenir un e-mail valide\"}},\"input_text\":{\"required\":{\"value\":false,\"message\":\"Ce champ est obligatoire\"}},\"input_text_1\":{\"required\":{\"value\":false,\"message\":\"Ce champ est obligatoire\"}},\"input_text_2\":{\"required\":{\"value\":false,\"message\":\"Ce champ est obligatoire\"}},\"input_text_8\":{\"required\":{\"value\":false,\"message\":\"Ce champ est obligatoire\"}}},\"debounce_time\":300,\"conditionals\":{\"numeric-field_1\":{\"type\":\"all\",\"status\":true,\"conditions\":[{\"field\":\"input_radio\",\"value\":\"Membre bienfaiteur - tout montant sup\\u00e9rieur \\u00e0 50\\u20ac\",\"operator\":\"=\"}]},\"input_text_4\":{\"type\":\"all\",\"status\":true,\"conditions\":[{\"field\":\"input_radio_1\",\"value\":\"Institution or corporate entity\",\"operator\":\"=\"}]},\"custom_html-6_1\":{\"type\":\"all\",\"status\":true,\"conditions\":[{\"field\":\"input_radio_1\",\"value\":\"Institution or corporate entity\",\"operator\":\"=\"}]}}};\n                            <\/script>\n                        <\/div>\n\n            \t\t\t\t<\/div>\n\t\t\t\t<\/div>\n\t\t\t\t\t<\/div>\n\t\t\t\t<\/div>\n\t\t\t\t<\/div>\n\t\t","protected":false},"excerpt":{"rendered":"<p>Membership Form Apr\u00e8s avoir soumis ce formulaire, vous recevrez un mail de confirmation avec les options pour r\u00e9gler votre adh\u00e9sion. Your membership is personal or as an institution or corporate entity? Personal Institution or corporate entityCat\u00e9gorie d&#8217;adh\u00e9sion ? Member 20\u20ac Sustaining member 50\u20ac Benefactor &#8211; all amounts over 50\u20acGift you plan to give as a &hellip;<\/p>\n","protected":false},"author":1,"featured_media":0,"parent":8647,"menu_order":0,"comment_status":"closed","ping_status":"closed","template":"elementor_header_footer","meta":{"_monsterinsights_skip_tracking":false,"_monsterinsights_sitenote_active":false,"_monsterinsights_sitenote_note":"","_monsterinsights_sitenote_category":0,"footnotes":""},"class_list":["post-8682","page","type-page","status-publish","hentry"],"yoast_head":"<!-- This site is optimized with the Yoast SEO plugin v26.9 - https:\/\/yoast.com\/product\/yoast-seo-wordpress\/ -->\n<title>Membership - Robert Lapoujade<\/title>\n<meta name=\"robots\" content=\"index, follow, max-snippet:-1, max-image-preview:large, max-video-preview:-1\" \/>\n<link rel=\"canonical\" href=\"https:\/\/robertlapoujade.com\/en\/contact\/membership\/\" \/>\n<meta property=\"og:locale\" content=\"en_US\" \/>\n<meta property=\"og:type\" content=\"article\" \/>\n<meta property=\"og:title\" content=\"Membership - Robert Lapoujade\" \/>\n<meta property=\"og:description\" content=\"Membership Form Apr\u00e8s avoir soumis ce formulaire, vous recevrez un mail de confirmation avec les options pour r\u00e9gler votre adh\u00e9sion. Your membership is personal or as an institution or corporate entity? Personal Institution or corporate entityCat\u00e9gorie d&#8217;adh\u00e9sion ? Member 20\u20ac Sustaining member 50\u20ac Benefactor &#8211; all amounts over 50\u20acGift you plan to give as a &hellip;\" \/>\n<meta property=\"og:url\" content=\"https:\/\/robertlapoujade.com\/en\/contact\/membership\/\" \/>\n<meta property=\"og:site_name\" content=\"Robert Lapoujade\" \/>\n<meta property=\"article:modified_time\" content=\"2022-12-13T14:36:37+00:00\" \/>\n<meta name=\"twitter:card\" content=\"summary_large_image\" \/>\n<meta name=\"twitter:label1\" content=\"Est. reading time\" \/>\n\t<meta name=\"twitter:data1\" content=\"1 minute\" \/>\n<script type=\"application\/ld+json\" class=\"yoast-schema-graph\">{\"@context\":\"https:\/\/schema.org\",\"@graph\":[{\"@type\":\"WebPage\",\"@id\":\"https:\/\/robertlapoujade.com\/en\/contact\/membership\/\",\"url\":\"https:\/\/robertlapoujade.com\/en\/contact\/membership\/\",\"name\":\"Membership - Robert Lapoujade\",\"isPartOf\":{\"@id\":\"https:\/\/robertlapoujade.com\/en\/#website\"},\"datePublished\":\"2022-12-04T16:00:32+00:00\",\"dateModified\":\"2022-12-13T14:36:37+00:00\",\"breadcrumb\":{\"@id\":\"https:\/\/robertlapoujade.com\/en\/contact\/membership\/#breadcrumb\"},\"inLanguage\":\"en-US\",\"potentialAction\":[{\"@type\":\"ReadAction\",\"target\":[\"https:\/\/robertlapoujade.com\/en\/contact\/membership\/\"]}]},{\"@type\":\"BreadcrumbList\",\"@id\":\"https:\/\/robertlapoujade.com\/en\/contact\/membership\/#breadcrumb\",\"itemListElement\":[{\"@type\":\"ListItem\",\"position\":1,\"name\":\"Accueil\",\"item\":\"https:\/\/robertlapoujade.com\/en\/\"},{\"@type\":\"ListItem\",\"position\":2,\"name\":\"Contact\",\"item\":\"https:\/\/robertlapoujade.com\/en\/contact\/\"},{\"@type\":\"ListItem\",\"position\":3,\"name\":\"Membership\"}]},{\"@type\":\"WebSite\",\"@id\":\"https:\/\/robertlapoujade.com\/en\/#website\",\"url\":\"https:\/\/robertlapoujade.com\/en\/\",\"name\":\"Robert Lapoujade\",\"description\":\"Site officiel de l&#039;Association Robert Lapoujade\",\"potentialAction\":[{\"@type\":\"SearchAction\",\"target\":{\"@type\":\"EntryPoint\",\"urlTemplate\":\"https:\/\/robertlapoujade.com\/en\/?s={search_term_string}\"},\"query-input\":{\"@type\":\"PropertyValueSpecification\",\"valueRequired\":true,\"valueName\":\"search_term_string\"}}],\"inLanguage\":\"en-US\"}]}<\/script>\n<!-- \/ Yoast SEO plugin. -->","yoast_head_json":{"title":"Membership - Robert Lapoujade","robots":{"index":"index","follow":"follow","max-snippet":"max-snippet:-1","max-image-preview":"max-image-preview:large","max-video-preview":"max-video-preview:-1"},"canonical":"https:\/\/robertlapoujade.com\/en\/contact\/membership\/","og_locale":"en_US","og_type":"article","og_title":"Membership - Robert Lapoujade","og_description":"Membership Form Apr\u00e8s avoir soumis ce formulaire, vous recevrez un mail de confirmation avec les options pour r\u00e9gler votre adh\u00e9sion. Your membership is personal or as an institution or corporate entity? Personal Institution or corporate entityCat\u00e9gorie d&#8217;adh\u00e9sion ? Member 20\u20ac Sustaining member 50\u20ac Benefactor &#8211; all amounts over 50\u20acGift you plan to give as a &hellip;","og_url":"https:\/\/robertlapoujade.com\/en\/contact\/membership\/","og_site_name":"Robert Lapoujade","article_modified_time":"2022-12-13T14:36:37+00:00","twitter_card":"summary_large_image","twitter_misc":{"Est. reading time":"1 minute"},"schema":{"@context":"https:\/\/schema.org","@graph":[{"@type":"WebPage","@id":"https:\/\/robertlapoujade.com\/en\/contact\/membership\/","url":"https:\/\/robertlapoujade.com\/en\/contact\/membership\/","name":"Membership - Robert Lapoujade","isPartOf":{"@id":"https:\/\/robertlapoujade.com\/en\/#website"},"datePublished":"2022-12-04T16:00:32+00:00","dateModified":"2022-12-13T14:36:37+00:00","breadcrumb":{"@id":"https:\/\/robertlapoujade.com\/en\/contact\/membership\/#breadcrumb"},"inLanguage":"en-US","potentialAction":[{"@type":"ReadAction","target":["https:\/\/robertlapoujade.com\/en\/contact\/membership\/"]}]},{"@type":"BreadcrumbList","@id":"https:\/\/robertlapoujade.com\/en\/contact\/membership\/#breadcrumb","itemListElement":[{"@type":"ListItem","position":1,"name":"Accueil","item":"https:\/\/robertlapoujade.com\/en\/"},{"@type":"ListItem","position":2,"name":"Contact","item":"https:\/\/robertlapoujade.com\/en\/contact\/"},{"@type":"ListItem","position":3,"name":"Membership"}]},{"@type":"WebSite","@id":"https:\/\/robertlapoujade.com\/en\/#website","url":"https:\/\/robertlapoujade.com\/en\/","name":"Robert Lapoujade","description":"Site officiel de l&#039;Association Robert Lapoujade","potentialAction":[{"@type":"SearchAction","target":{"@type":"EntryPoint","urlTemplate":"https:\/\/robertlapoujade.com\/en\/?s={search_term_string}"},"query-input":{"@type":"PropertyValueSpecification","valueRequired":true,"valueName":"search_term_string"}}],"inLanguage":"en-US"}]}},"_links":{"self":[{"href":"https:\/\/robertlapoujade.com\/en\/wp-json\/wp\/v2\/pages\/8682","targetHints":{"allow":["GET"]}}],"collection":[{"href":"https:\/\/robertlapoujade.com\/en\/wp-json\/wp\/v2\/pages"}],"about":[{"href":"https:\/\/robertlapoujade.com\/en\/wp-json\/wp\/v2\/types\/page"}],"author":[{"embeddable":true,"href":"https:\/\/robertlapoujade.com\/en\/wp-json\/wp\/v2\/users\/1"}],"replies":[{"embeddable":true,"href":"https:\/\/robertlapoujade.com\/en\/wp-json\/wp\/v2\/comments?post=8682"}],"version-history":[{"count":9,"href":"https:\/\/robertlapoujade.com\/en\/wp-json\/wp\/v2\/pages\/8682\/revisions"}],"predecessor-version":[{"id":8710,"href":"https:\/\/robertlapoujade.com\/en\/wp-json\/wp\/v2\/pages\/8682\/revisions\/8710"}],"up":[{"embeddable":true,"href":"https:\/\/robertlapoujade.com\/en\/wp-json\/wp\/v2\/pages\/8647"}],"wp:attachment":[{"href":"https:\/\/robertlapoujade.com\/en\/wp-json\/wp\/v2\/media?parent=8682"}],"curies":[{"name":"wp","href":"https:\/\/api.w.org\/{rel}","templated":true}]}}