{"id":8644,"date":"2022-12-04T14:45:07","date_gmt":"2022-12-04T13:45:07","guid":{"rendered":"https:\/\/robertlapoujade.com\/archives\/"},"modified":"2024-02-27T09:38:35","modified_gmt":"2024-02-27T08:38:35","slug":"archives","status":"publish","type":"page","link":"https:\/\/robertlapoujade.com\/en\/archives\/","title":{"rendered":"Archives"},"content":{"rendered":"\t\t<div data-elementor-type=\"wp-page\" data-elementor-id=\"8644\" class=\"elementor elementor-8644 elementor-1529\">\n\t\t\t\t<div class=\"elementor-element elementor-element-a89c278 e-flex e-con-boxed e-con e-parent\" data-id=\"a89c278\" data-element_type=\"container\" data-e-type=\"container\">\n\t\t\t\t\t<div class=\"e-con-inner\">\n\t\t\t\t<div class=\"elementor-element elementor-element-134bf7c elementor-widget elementor-widget-heading\" data-id=\"134bf7c\" data-element_type=\"widget\" data-e-type=\"widget\" data-widget_type=\"heading.default\">\n\t\t\t\t<div class=\"elementor-widget-container\">\n\t\t\t\t\t<h1 class=\"elementor-heading-title elementor-size-default\">Archives<\/h1>\t\t\t\t<\/div>\n\t\t\t\t<\/div>\n\t\t\t\t\t<\/div>\n\t\t\t\t<\/div>\n\t\t<div class=\"elementor-element elementor-element-82e7e37 e-flex e-con-boxed e-con e-parent\" data-id=\"82e7e37\" data-element_type=\"container\" data-e-type=\"container\">\n\t\t\t\t\t<div class=\"e-con-inner\">\n\t\t\t\t<div class=\"elementor-element elementor-element-0550afe elementor-widget elementor-widget-image\" data-id=\"0550afe\" data-element_type=\"widget\" data-e-type=\"widget\" data-widget_type=\"image.default\">\n\t\t\t\t<div class=\"elementor-widget-container\">\n\t\t\t\t\t\t\t\t\t\t\t\t\t\t\t<img fetchpriority=\"high\" decoding=\"async\" width=\"1920\" height=\"300\" src=\"https:\/\/robertlapoujade.com\/wp-content\/uploads\/archives-banner2.jpg\" class=\"attachment-full size-full wp-image-8466\" alt=\"\" srcset=\"https:\/\/robertlapoujade.com\/wp-content\/uploads\/archives-banner2.jpg 1920w, https:\/\/robertlapoujade.com\/wp-content\/uploads\/archives-banner2-768x120.jpg 768w, https:\/\/robertlapoujade.com\/wp-content\/uploads\/archives-banner2-1536x240.jpg 1536w\" sizes=\"(max-width: 1920px) 100vw, 1920px\" \/>\t\t\t\t\t\t\t\t\t\t\t\t\t\t\t<\/div>\n\t\t\t\t<\/div>\n\t\t\t\t\t<\/div>\n\t\t\t\t<\/div>\n\t\t<div class=\"elementor-element elementor-element-d7a1e3b e-flex e-con-boxed e-con e-parent\" data-id=\"d7a1e3b\" data-element_type=\"container\" data-e-type=\"container\">\n\t\t\t\t\t<div class=\"e-con-inner\">\n\t\t<div class=\"elementor-element elementor-element-33c15dc e-flex e-con-boxed e-con e-child\" data-id=\"33c15dc\" data-element_type=\"container\" data-e-type=\"container\">\n\t\t\t\t\t<div class=\"e-con-inner\">\n\t\t\t\t<div class=\"elementor-element elementor-element-2c26779 elementor-widget elementor-widget-text-editor\" data-id=\"2c26779\" data-element_type=\"widget\" data-e-type=\"widget\" data-widget_type=\"text-editor.default\">\n\t\t\t\t<div class=\"elementor-widget-container\">\n\t\t\t\t\t\t\t\t\t<p><strong>Biblioth\u00e8que Nationale de France (BnF)<\/strong><br \/>Ce fond comprend les livres de R.Lapoujade, des livres qu\u2019il a illustr\u00e9s, des correspondances, des coupures de presse et des articles. Il rassemble aussi des films, court-m\u00e9trages et un documentaire.<\/p><p><span style=\"text-decoration: underline;\"><a href=\"http:\/\/data.bnf.fr\" target=\"_blank\" rel=\"noopener\">Lien : Bnf<\/a><\/span><\/p><p><strong>Institut M\u00e9moires de l\u2019Edition Contemporaine (IMEC)<\/strong><br \/>Ce fonds comprend des manuscrits publi\u00e9s ou non, notamment La Peinture trahie, qui ne para\u00eetra que sous forme d\u2019extraits, ou Le Secret de la Joconde, des sc\u00e9narios de certains de ses films (Don Quichotte, Le Socrate, Le Sourire vertical). Il rassemble aussi une correspondance priv\u00e9e et professionnelle, des carnets de notes, des dossiers de presse, des archives iconographiques et audiovisuelles. \u00a0\u00a0 \u00a0\u00a0 <u><a href=\"mailto:chercheurs@imec-archives.com\">chercheurs@imec-archives.com<\/a><\/u><\/p><p><strong>Institut National de l\u2019Audiovisuel (INA)<\/strong><br \/>Le fonds comprend la majorit\u00e9 des films de courts m\u00e9trages et des \u00e9missions de t\u00e9l\u00e9vision et de radio \u2018Un certain regard, Banc d\u2019essai\u2026 au cours desquelles s\u2019exprime Robert Lapoujade sur sa peinture et ou son cin\u00e9ma.<\/p><p><u><a href=\"https:\/\/www.ina.fr\/recherche?q=lapoujade&amp;espace=1&amp;sort=pertinence&amp;order=desc\">Lien : INA-Lapoujade<\/a><\/u><\/p>\t\t\t\t\t\t\t\t<\/div>\n\t\t\t\t<\/div>\n\t\t\t\t\t<\/div>\n\t\t\t\t<\/div>\n\t\t\t\t\t<\/div>\n\t\t\t\t<\/div>\n\t\t<div class=\"elementor-element elementor-element-115b65a e-flex e-con-boxed e-con e-parent\" data-id=\"115b65a\" data-element_type=\"container\" data-e-type=\"container\">\n\t\t\t\t\t<div class=\"e-con-inner\">\n\t\t<div class=\"elementor-element elementor-element-22fa278 e-con-full e-flex e-con e-child\" data-id=\"22fa278\" data-element_type=\"container\" data-e-type=\"container\">\n\t\t\t\t<div class=\"elementor-element elementor-element-9f879e5 elementor-widget elementor-widget-text-editor\" data-id=\"9f879e5\" data-element_type=\"widget\" data-e-type=\"widget\" data-widget_type=\"text-editor.default\">\n\t\t\t\t<div class=\"elementor-widget-container\">\n\t\t\t\t\t\t\t\t\t<p><strong>Centre National du Cin\u00e9ma et de l\u2019image anim\u00e9e (CNC)<\/strong><br \/>Une partie de la filmographie est conserv\u00e9e sur son site \u00e0 Bois d\u2019Arcy, Le Socrate, Le Sourire Vertical et diff\u00e9rents \u00e9l\u00e9ments du Don Quichotte.<\/p><p><u><a href=\"http:\/\/lise.cnc.fr\/Home.aspx?Menu=MNU_ACCUEIL\" target=\"_blank\" rel=\"noopener\">Lien : CNC<\/a><\/u><\/p><p><strong>Cin\u00e9math\u00e8que fran\u00e7aise : <\/strong>collection d\u2019articles et de p\u00e9riodiques<br \/>La collection est consultable sur rendez-vous \u00e0 l\u2019Iconoth\u00e8que et \u00e0 l\u2019Espace chercheurs de la Cin\u00e9math\u00e8que. \u00a0\u00a0 \u00a0\u00a0 <u><a href=\"mailto:archives@cinematheque.fr\">archives@cinematheque.fr<\/a><\/u><\/p><p><strong>Centre Pompidou\u00a0:<\/strong><\/p><ul><li><strong>Biblioth\u00e8que Kandinsky\u00a0: <\/strong>documents provenant de diff\u00e9rents fonds et photos<p><span style=\"text-decoration: underline;\"><a href=\"https:\/\/archivesetdocumentation.centrepompidou.fr\/\" target=\"_blank\" rel=\"noopener\">Lien Archives et Documentation<\/a><\/span><\/p><\/li><li><strong>Biblioth\u00e8que publique, BPI : \u0153uvres et photos<\/strong><p><span style=\"text-decoration: underline;\"><a href=\"https:\/\/www.culture.gouv.fr\/Espace-documentation\/Bases-de-donnees\/Fiches-bases-de-donnees\/Catalogue-de-la-Bibliotheque-publique-d-information-BPI-Centre-Pompidou\" target=\"_blank\" rel=\"noopener\">Lien : BPI Centre Pompidou<\/a><\/span><\/p><\/li><\/ul>\t\t\t\t\t\t\t\t<\/div>\n\t\t\t\t<\/div>\n\t\t\t\t<\/div>\n\t\t<div class=\"elementor-element elementor-element-808172d e-con-full e-flex e-con e-child\" data-id=\"808172d\" data-element_type=\"container\" data-e-type=\"container\">\n\t\t\t\t<div class=\"elementor-element elementor-element-11c7707 elementor-widget__width-initial elementor-widget elementor-widget-image\" data-id=\"11c7707\" data-element_type=\"widget\" data-e-type=\"widget\" data-widget_type=\"image.default\">\n\t\t\t\t<div class=\"elementor-widget-container\">\n\t\t\t\t\t\t\t\t\t\t\t\t\t\t\t<img decoding=\"async\" width=\"875\" height=\"656\" src=\"https:\/\/robertlapoujade.com\/wp-content\/uploads\/archives-montage-3.jpg\" class=\"attachment-full size-full wp-image-8475\" alt=\"\" srcset=\"https:\/\/robertlapoujade.com\/wp-content\/uploads\/archives-montage-3.jpg 875w, https:\/\/robertlapoujade.com\/wp-content\/uploads\/archives-montage-3-768x576.jpg 768w\" sizes=\"(max-width: 875px) 100vw, 875px\" \/>\t\t\t\t\t\t\t\t\t\t\t\t\t\t\t<\/div>\n\t\t\t\t<\/div>\n\t\t\t\t<\/div>\n\t\t\t\t\t<\/div>\n\t\t\t\t<\/div>\n\t\t<div class=\"elementor-element elementor-element-c12a112 e-flex e-con-boxed e-con e-parent\" data-id=\"c12a112\" data-element_type=\"container\" data-e-type=\"container\">\n\t\t\t\t\t<div class=\"e-con-inner\">\n\t\t<div class=\"elementor-element elementor-element-cea9703 e-con-full e-flex e-con e-child\" data-id=\"cea9703\" data-element_type=\"container\" data-e-type=\"container\">\n\t\t\t\t<div class=\"elementor-element elementor-element-b22a197 elementor-widget__width-initial elementor-widget elementor-widget-text-editor\" data-id=\"b22a197\" data-element_type=\"widget\" data-e-type=\"widget\" data-widget_type=\"text-editor.default\">\n\t\t\t\t<div class=\"elementor-widget-container\">\n\t\t\t\t\t\t\t\t\t<p><strong>Mus\u00e9e ch\u00e2teau d\u2019Annecy<\/strong>, Service d\u2019Animation<\/p><p>Collections de cin\u00e9ma d&#8217;animation :<br \/>Marionnettes et accessoires utilis\u00e9s pour les films d\u2019animation :\u00a0<br \/><em>Un com\u00e9dien sans paradoxe<\/em> et le <em>Les m\u00e9moires de Don Quichotte<\/em><\/p><p><span style=\"text-decoration: underline;\"><a href=\"https:\/\/musees.annecy.fr\/Musee-du-film-d-animation\" target=\"_blank\" rel=\"noopener\">Lien : Mus\u00e9e du film d&#8217;animation &#8211; Annecy<\/a><\/span><\/p><p><strong>National Portrait Gallery, Londres<\/strong><\/p><p>Photos sur Robert Lapoujade, (Ida Kar)<\/p><p><span style=\"text-decoration: underline;\"><a href=\"https:\/\/www.npg.org.uk\/collections\/search\/person\/mp125048\/robert-lapoujade\" target=\"_blank\" rel=\"noopener\">Lien : National Portrait Gallery &#8211; Lapoujade<\/a><\/span><\/p><p><strong>M\u00e9diath\u00e8que du Patrimoine et de la Photographie, (MPP),<\/strong> Fort de Saint-Cyr 78180<br \/>Photos de Jean Mounicq, Lapoujade au banc-titre pour le film d\u2019animation \u2018Mise \u00e0 nu\u2019 (1968).<br \/>Portrait par Denise Colomb (1902-2004).<\/p><p><strong>\u00a0<\/strong><\/p>\t\t\t\t\t\t\t\t<\/div>\n\t\t\t\t<\/div>\n\t\t\t\t<\/div>\n\t\t<div class=\"elementor-element elementor-element-0f2bde0 e-con-full e-flex e-con e-child\" data-id=\"0f2bde0\" data-element_type=\"container\" data-e-type=\"container\">\n\t\t\t\t<div class=\"elementor-element elementor-element-3a1f2d3 elementor-widget elementor-widget-image\" data-id=\"3a1f2d3\" data-element_type=\"widget\" data-e-type=\"widget\" data-widget_type=\"image.default\">\n\t\t\t\t<div class=\"elementor-widget-container\">\n\t\t\t\t\t\t\t\t\t\t\t\t\t\t\t<img decoding=\"async\" width=\"875\" height=\"635\" src=\"https:\/\/robertlapoujade.com\/wp-content\/uploads\/Quichotte-Sancho.jpg\" class=\"attachment-large size-large wp-image-8476\" alt=\"\" srcset=\"https:\/\/robertlapoujade.com\/wp-content\/uploads\/Quichotte-Sancho.jpg 875w, https:\/\/robertlapoujade.com\/wp-content\/uploads\/Quichotte-Sancho-768x557.jpg 768w\" sizes=\"(max-width: 875px) 100vw, 875px\" \/>\t\t\t\t\t\t\t\t\t\t\t\t\t\t\t<\/div>\n\t\t\t\t<\/div>\n\t\t\t\t<\/div>\n\t\t\t\t\t<\/div>\n\t\t\t\t<\/div>\n\t\t<div class=\"elementor-element elementor-element-14c91e4 e-flex e-con-boxed e-con e-parent\" data-id=\"14c91e4\" data-element_type=\"container\" data-e-type=\"container\">\n\t\t\t\t\t<div class=\"e-con-inner\">\n\t\t\t\t<div class=\"elementor-element elementor-element-0ed69f6 elementor-widget elementor-widget-heading\" data-id=\"0ed69f6\" data-element_type=\"widget\" data-e-type=\"widget\" data-widget_type=\"heading.default\">\n\t\t\t\t<div class=\"elementor-widget-container\">\n\t\t\t\t\t<h2 class=\"elementor-heading-title elementor-size-default\">R\u00e9ception Critique<\/h2>\t\t\t\t<\/div>\n\t\t\t\t<\/div>\n\t\t\t\t\t<\/div>\n\t\t\t\t<\/div>\n\t\t<div class=\"elementor-element elementor-element-42f5f93 e-flex e-con-boxed e-con e-parent\" data-id=\"42f5f93\" data-element_type=\"container\" data-e-type=\"container\">\n\t\t\t\t\t<div class=\"e-con-inner\">\n\t\t\t\t<div class=\"elementor-element elementor-element-9eabe64 elementor-widget elementor-widget-text-editor\" data-id=\"9eabe64\" data-element_type=\"widget\" data-e-type=\"widget\" data-widget_type=\"text-editor.default\">\n\t\t\t\t<div class=\"elementor-widget-container\">\n\t\t\t\t\t\t\t\t\t<p><strong>Documents \u00e9crits\/ interviews<\/strong>:<\/p><p>1959- Exposition le Vif du sujet, Robert Lapoujade peintre de la Libert\u00e9, Interview M. Akselrad et J. Charpentreau, Archives IMEC<br \/>1960- Mon triptyque sur la torture est un hommage \u00e0 Djamila Boupacha et Maurice Audin, Interview Jean Rollin, L\u2019humanit\u00e9, Paris<br \/>1963- Entretien avec Robert Lapoujade propos recueillis par Guy Gauthier, Image et Son, n\u00b0161-162 ( <a href=\"https:\/\/robertlapoujade.com\/archives\/entretien-guy-gauthier-image-et-son-1963\/\"><span style=\"text-decoration: underline;\">lire l\u2019entretien<\/span><\/a> )<br \/>1969- Entretien, Image et Son, n\u00b0173<br \/>1970- Orchestre pour un cin\u00e9ma non conforme, interview P. Durand, Image et son, n\u00b0238<br \/>1980- Robert Lapoujade, La dent cr\u00e9atrice et le plomb de notre \u00e9poque, interview P. Durand, Image et son, n\u00b0347<br \/>1981- L\u2019homme vertical, interview Jean Claude Levy, n\u00b0 70, Archives IMEC<br \/>1982- Interview Jean Jacques Ferrand , 1982, Archives IMEC<br \/><br \/><strong>Documents audiovisuels :<br \/><\/strong><br \/>1962- Des peintres et du cin\u00e9ma, 1962, Archives INA<br \/>1964- \u00c9mission : Un certain regard : Les peintres et le cin\u00e9ma, interviewer J.L. Ferrier, Archives INA<br \/>1967- France culture, Le portrait en peinture, \u00e0 propos de l\u2019exposition Chez Claude Bernard, Archives INA<br \/>1967- France culture, Le mouvement : Perspectives sur l\u2019art contemporain- Les \u00e9l\u00e9ments nouveaux, interviewer Raymond Cogniat, Archives INA<br \/>1967- France inter, Rencontre avec le peintre Robert Lapoujade, Archives INA<br \/>1968- Cin\u00e9ma critique, \u00e0 propos du Socrate : pr\u00e9paration des d\u00e9cors, tournage, interview, Archives INA<br \/>1970- France culture, \u00e9mission : Notre temps, Salle de r\u00e9daction, Le sourire vertical, Archives INA<br \/>1973- Cin\u00e9matographe n\u00b02, Avant-premi\u00e8re, Le sourire vertical<br \/>1974- France culture, Rencontre du jeune cin\u00e9ma de Toulon, 1974, Archives INA<br \/>1974- \u00c9mission : Des yeux pour voir, Les petits cin\u00e9astes de St. Etienne, Archives INA <br \/>1979- \u00c9mission : Cin\u00e9 regards, L\u2019animation sans paradoxe, reportage sur la pr\u00e9paration du Don Quichotte et interview, Archives INA <br \/>1979- \u00c9mission : Cin\u00e9 regard, Don Quichotte, reportage, interview et extrait, Archives INA<\/p>\t\t\t\t\t\t\t\t<\/div>\n\t\t\t\t<\/div>\n\t\t\t\t\t<\/div>\n\t\t\t\t<\/div>\n\t\t<div class=\"elementor-element elementor-element-b2a1206 e-flex e-con-boxed e-con e-parent\" data-id=\"b2a1206\" data-element_type=\"container\" data-e-type=\"container\">\n\t\t\t\t\t<div class=\"e-con-inner\">\n\t\t\t\t<div class=\"elementor-element elementor-element-f50ed94 elementor-widget elementor-widget-text-editor\" data-id=\"f50ed94\" data-element_type=\"widget\" data-e-type=\"widget\" data-widget_type=\"text-editor.default\">\n\t\t\t\t<div class=\"elementor-widget-container\">\n\t\t\t\t\t\t\t\t\t<p><strong>\u00c9tudes<\/strong><br \/>FERRAND, Jacky, Quelques notes sur la filmographie de Robert Lapoujade, Dir. D. Noguez, Universit\u00e9 Paris 1, Panth\u00e9on Sorbonne<br \/>OUADDOUR, Nadia, Robert Lapoujade et la guerre d\u2019Alg\u00e9rie : l\u2019engagement d\u2019un artiste, abstrait dans la contestation politique, m\u00e9moire de Master en Histoire de l\u2019art, 2vol. Universit\u00e9 Paris X, Nanterre, 2006 Dir. Pr.Thierry Dufresne<\/p>\t\t\t\t\t\t\t\t<\/div>\n\t\t\t\t<\/div>\n\t\t\t\t\t<\/div>\n\t\t\t\t<\/div>\n\t\t\t\t<\/div>\n\t\t","protected":false},"excerpt":{"rendered":"<p>Archives Biblioth\u00e8que Nationale de France (BnF)Ce fond comprend les livres de R.Lapoujade, des livres qu\u2019il a illustr\u00e9s, des correspondances, des coupures de presse et des articles. Il rassemble aussi des films, court-m\u00e9trages et un documentaire. Lien : Bnf Institut M\u00e9moires de l\u2019Edition Contemporaine (IMEC)Ce fonds comprend des manuscrits publi\u00e9s ou non, notamment La Peinture trahie, &hellip;<\/p>\n","protected":false},"author":1,"featured_media":0,"parent":0,"menu_order":0,"comment_status":"closed","ping_status":"closed","template":"elementor_header_footer","meta":{"_monsterinsights_skip_tracking":false,"_monsterinsights_sitenote_active":false,"_monsterinsights_sitenote_note":"","_monsterinsights_sitenote_category":0,"footnotes":""},"class_list":["post-8644","page","type-page","status-publish","hentry"],"yoast_head":"<!-- This site is optimized with the Yoast SEO plugin v26.9 - https:\/\/yoast.com\/product\/yoast-seo-wordpress\/ -->\n<title>Archives - Robert Lapoujade<\/title>\n<meta name=\"description\" content=\"Manuscrits, sc\u00e9narios, correspondance priv\u00e9e et professionnelle, carnets de notes, dossiers de presse, documents iconographiques et audiovisuelles dans les archives nationales\" \/>\n<meta name=\"robots\" content=\"index, follow, max-snippet:-1, max-image-preview:large, max-video-preview:-1\" \/>\n<link rel=\"canonical\" href=\"https:\/\/robertlapoujade.com\/en\/archives\/\" \/>\n<meta property=\"og:locale\" content=\"en_US\" \/>\n<meta property=\"og:type\" content=\"article\" \/>\n<meta property=\"og:title\" content=\"Archives - Robert Lapoujade\" \/>\n<meta property=\"og:description\" content=\"Manuscrits, sc\u00e9narios, correspondance priv\u00e9e et professionnelle, carnets de notes, dossiers de presse, documents iconographiques et audiovisuelles dans les archives nationales\" \/>\n<meta property=\"og:url\" content=\"https:\/\/robertlapoujade.com\/en\/archives\/\" \/>\n<meta property=\"og:site_name\" content=\"Robert Lapoujade\" \/>\n<meta property=\"article:modified_time\" content=\"2024-02-27T08:38:35+00:00\" \/>\n<meta property=\"og:image\" content=\"https:\/\/robertlapoujade.com\/wp-content\/uploads\/archives-banner2.jpg\" \/>\n<meta name=\"twitter:card\" content=\"summary_large_image\" \/>\n<meta name=\"twitter:label1\" content=\"Est. reading time\" \/>\n\t<meta name=\"twitter:data1\" content=\"4 minutes\" \/>\n<script type=\"application\/ld+json\" class=\"yoast-schema-graph\">{\"@context\":\"https:\/\/schema.org\",\"@graph\":[{\"@type\":\"WebPage\",\"@id\":\"https:\/\/robertlapoujade.com\/en\/archives\/\",\"url\":\"https:\/\/robertlapoujade.com\/en\/archives\/\",\"name\":\"Archives - Robert Lapoujade\",\"isPartOf\":{\"@id\":\"https:\/\/robertlapoujade.com\/en\/#website\"},\"primaryImageOfPage\":{\"@id\":\"https:\/\/robertlapoujade.com\/en\/archives\/#primaryimage\"},\"image\":{\"@id\":\"https:\/\/robertlapoujade.com\/en\/archives\/#primaryimage\"},\"thumbnailUrl\":\"https:\/\/robertlapoujade.com\/wp-content\/uploads\/archives-banner2.jpg\",\"datePublished\":\"2022-12-04T13:45:07+00:00\",\"dateModified\":\"2024-02-27T08:38:35+00:00\",\"description\":\"Manuscrits, sc\u00e9narios, correspondance priv\u00e9e et professionnelle, carnets de notes, dossiers de presse, documents iconographiques et audiovisuelles dans les archives nationales\",\"breadcrumb\":{\"@id\":\"https:\/\/robertlapoujade.com\/en\/archives\/#breadcrumb\"},\"inLanguage\":\"en-US\",\"potentialAction\":[{\"@type\":\"ReadAction\",\"target\":[\"https:\/\/robertlapoujade.com\/en\/archives\/\"]}]},{\"@type\":\"ImageObject\",\"inLanguage\":\"en-US\",\"@id\":\"https:\/\/robertlapoujade.com\/en\/archives\/#primaryimage\",\"url\":\"https:\/\/robertlapoujade.com\/wp-content\/uploads\/archives-banner2.jpg\",\"contentUrl\":\"https:\/\/robertlapoujade.com\/wp-content\/uploads\/archives-banner2.jpg\"},{\"@type\":\"BreadcrumbList\",\"@id\":\"https:\/\/robertlapoujade.com\/en\/archives\/#breadcrumb\",\"itemListElement\":[{\"@type\":\"ListItem\",\"position\":1,\"name\":\"Accueil\",\"item\":\"https:\/\/robertlapoujade.com\/en\/\"},{\"@type\":\"ListItem\",\"position\":2,\"name\":\"Archives\"}]},{\"@type\":\"WebSite\",\"@id\":\"https:\/\/robertlapoujade.com\/en\/#website\",\"url\":\"https:\/\/robertlapoujade.com\/en\/\",\"name\":\"Robert Lapoujade\",\"description\":\"Site officiel de l&#039;Association Robert Lapoujade\",\"potentialAction\":[{\"@type\":\"SearchAction\",\"target\":{\"@type\":\"EntryPoint\",\"urlTemplate\":\"https:\/\/robertlapoujade.com\/en\/?s={search_term_string}\"},\"query-input\":{\"@type\":\"PropertyValueSpecification\",\"valueRequired\":true,\"valueName\":\"search_term_string\"}}],\"inLanguage\":\"en-US\"}]}<\/script>\n<!-- \/ Yoast SEO plugin. -->","yoast_head_json":{"title":"Archives - Robert Lapoujade","description":"Manuscrits, sc\u00e9narios, correspondance priv\u00e9e et professionnelle, carnets de notes, dossiers de presse, documents iconographiques et audiovisuelles dans les archives nationales","robots":{"index":"index","follow":"follow","max-snippet":"max-snippet:-1","max-image-preview":"max-image-preview:large","max-video-preview":"max-video-preview:-1"},"canonical":"https:\/\/robertlapoujade.com\/en\/archives\/","og_locale":"en_US","og_type":"article","og_title":"Archives - Robert Lapoujade","og_description":"Manuscrits, sc\u00e9narios, correspondance priv\u00e9e et professionnelle, carnets de notes, dossiers de presse, documents iconographiques et audiovisuelles dans les archives nationales","og_url":"https:\/\/robertlapoujade.com\/en\/archives\/","og_site_name":"Robert Lapoujade","article_modified_time":"2024-02-27T08:38:35+00:00","og_image":[{"url":"https:\/\/robertlapoujade.com\/wp-content\/uploads\/archives-banner2.jpg","type":"","width":"","height":""}],"twitter_card":"summary_large_image","twitter_misc":{"Est. reading time":"4 minutes"},"schema":{"@context":"https:\/\/schema.org","@graph":[{"@type":"WebPage","@id":"https:\/\/robertlapoujade.com\/en\/archives\/","url":"https:\/\/robertlapoujade.com\/en\/archives\/","name":"Archives - Robert Lapoujade","isPartOf":{"@id":"https:\/\/robertlapoujade.com\/en\/#website"},"primaryImageOfPage":{"@id":"https:\/\/robertlapoujade.com\/en\/archives\/#primaryimage"},"image":{"@id":"https:\/\/robertlapoujade.com\/en\/archives\/#primaryimage"},"thumbnailUrl":"https:\/\/robertlapoujade.com\/wp-content\/uploads\/archives-banner2.jpg","datePublished":"2022-12-04T13:45:07+00:00","dateModified":"2024-02-27T08:38:35+00:00","description":"Manuscrits, sc\u00e9narios, correspondance priv\u00e9e et professionnelle, carnets de notes, dossiers de presse, documents iconographiques et audiovisuelles dans les archives nationales","breadcrumb":{"@id":"https:\/\/robertlapoujade.com\/en\/archives\/#breadcrumb"},"inLanguage":"en-US","potentialAction":[{"@type":"ReadAction","target":["https:\/\/robertlapoujade.com\/en\/archives\/"]}]},{"@type":"ImageObject","inLanguage":"en-US","@id":"https:\/\/robertlapoujade.com\/en\/archives\/#primaryimage","url":"https:\/\/robertlapoujade.com\/wp-content\/uploads\/archives-banner2.jpg","contentUrl":"https:\/\/robertlapoujade.com\/wp-content\/uploads\/archives-banner2.jpg"},{"@type":"BreadcrumbList","@id":"https:\/\/robertlapoujade.com\/en\/archives\/#breadcrumb","itemListElement":[{"@type":"ListItem","position":1,"name":"Accueil","item":"https:\/\/robertlapoujade.com\/en\/"},{"@type":"ListItem","position":2,"name":"Archives"}]},{"@type":"WebSite","@id":"https:\/\/robertlapoujade.com\/en\/#website","url":"https:\/\/robertlapoujade.com\/en\/","name":"Robert Lapoujade","description":"Site officiel de l&#039;Association Robert Lapoujade","potentialAction":[{"@type":"SearchAction","target":{"@type":"EntryPoint","urlTemplate":"https:\/\/robertlapoujade.com\/en\/?s={search_term_string}"},"query-input":{"@type":"PropertyValueSpecification","valueRequired":true,"valueName":"search_term_string"}}],"inLanguage":"en-US"}]}},"_links":{"self":[{"href":"https:\/\/robertlapoujade.com\/en\/wp-json\/wp\/v2\/pages\/8644","targetHints":{"allow":["GET"]}}],"collection":[{"href":"https:\/\/robertlapoujade.com\/en\/wp-json\/wp\/v2\/pages"}],"about":[{"href":"https:\/\/robertlapoujade.com\/en\/wp-json\/wp\/v2\/types\/page"}],"author":[{"embeddable":true,"href":"https:\/\/robertlapoujade.com\/en\/wp-json\/wp\/v2\/users\/1"}],"replies":[{"embeddable":true,"href":"https:\/\/robertlapoujade.com\/en\/wp-json\/wp\/v2\/comments?post=8644"}],"version-history":[{"count":78,"href":"https:\/\/robertlapoujade.com\/en\/wp-json\/wp\/v2\/pages\/8644\/revisions"}],"predecessor-version":[{"id":9307,"href":"https:\/\/robertlapoujade.com\/en\/wp-json\/wp\/v2\/pages\/8644\/revisions\/9307"}],"wp:attachment":[{"href":"https:\/\/robertlapoujade.com\/en\/wp-json\/wp\/v2\/media?parent=8644"}],"curies":[{"name":"wp","href":"https:\/\/api.w.org\/{rel}","templated":true}]}}