{"id":8609,"date":"2022-12-04T08:45:49","date_gmt":"2022-12-04T07:45:49","guid":{"rendered":"https:\/\/robertlapoujade.com\/ecrits-interviews\/"},"modified":"2024-02-25T12:34:42","modified_gmt":"2024-02-25T11:34:42","slug":"writings-on-cinema-interviews","status":"publish","type":"page","link":"https:\/\/robertlapoujade.com\/en\/writings-on-cinema-interviews\/","title":{"rendered":"Writings on Cinema \/ Interviews"},"content":{"rendered":"\t\t<div data-elementor-type=\"wp-page\" data-elementor-id=\"8609\" class=\"elementor elementor-8609 elementor-2777\">\n\t\t\t\t<div class=\"elementor-element elementor-element-cf2e21d e-flex e-con-boxed e-con e-parent\" data-id=\"cf2e21d\" data-element_type=\"container\" data-e-type=\"container\">\n\t\t\t\t\t<div class=\"e-con-inner\">\n\t\t\t\t<div class=\"elementor-element elementor-element-98b4328 elementor-widget elementor-widget-text-editor\" data-id=\"98b4328\" data-element_type=\"widget\" data-e-type=\"widget\" data-widget_type=\"text-editor.default\">\n\t\t\t\t<div class=\"elementor-widget-container\">\n\t\t\t\t\t\t\t\t\t<p><strong>WRITINGS (in French)<\/strong><\/p><p>Lapoujade, Robert, <em><strong>T\u00e9moignage \u00e0 propos de Chris Marker<\/strong><\/em>, Image et Son n\u00b073, 1963<br \/>Audry, Colette, Lapoujade, Robert, <em><strong>Les \u00e9blouis<\/strong><\/em>, Art Sept n\u00b03, Lyon, 1963<br \/>Lapoujade, Robert, <em><strong>Du montage au montrage<\/strong><\/em><strong>, <\/strong>Revue l\u2019Arc n\u00b045, 1971<br \/>Lapoujade, Robert , <em><strong>Un cin\u00e9ma sauvage<\/strong><\/em>, Positif n\u00b0129, 1971<br \/>Lapoujade<strong>, <\/strong>Robert, <strong><em>Pour un cin\u00e9ma vertical<\/em><\/strong><em>, <\/em>Cin\u00e9ma n\u00b0 181, propos d\u2019auteur, 1973<br \/>Lapoujade, Robert, <em><strong>Le cin\u00e9ma en r\u00e9alit\u00e9<\/strong><\/em>, Cin\u00e9ma n\u00b0211, 1973<\/p>\t\t\t\t\t\t\t\t<\/div>\n\t\t\t\t<\/div>\n\t\t\t\t<div class=\"elementor-element elementor-element-da64520 elementor-widget elementor-widget-text-editor\" data-id=\"da64520\" data-element_type=\"widget\" data-e-type=\"widget\" data-widget_type=\"text-editor.default\">\n\t\t\t\t<div class=\"elementor-widget-container\">\n\t\t\t\t\t\t\t\t\t<p><strong>INTERVIEWS (in French)<\/strong><\/p><p>1964- <strong>Cin\u00e9ma exp\u00e9rimental<\/strong>, interview P. Durand, Image et Son n\u00b0173<br \/>1970- <strong><em>Orchestre pour un cin\u00e9ma non conforme<\/em><\/strong>, interview P. Durand, Image et Son n\u00b0238<br \/>1970- Robert Lapoujade, <strong><em>Le sourire vertical<\/em><\/strong>, Zoom n\u00b020<br \/>1980- Robert Lapoujade, <strong><em>La dent cr\u00e9atrice et le plomb de notre \u00e9poque<\/em><\/strong>, interview P. Durand, Image et Son n\u00b0347<br \/>1981- <strong><em>L\u2019homme vertical sourire interview<\/em><\/strong> Jean &#8211; Claude Levy, n\u00b070, Archives IMEC<br \/>1985-<strong> <em>Marionnettes, peinture et cin\u00e9ma<\/em><\/strong>, Interview P. Foulquier, in Th\u00e9\u00e2tres de Marionnettes, Collection Le Masque et la Plume, Ed. La Manufacture, Lyon<\/p>\t\t\t\t\t\t\t\t<\/div>\n\t\t\t\t<\/div>\n\t\t\t\t\t<\/div>\n\t\t\t\t<\/div>\n\t\t\t\t<\/div>\n\t\t","protected":false},"excerpt":{"rendered":"<p>WRITINGS (in French) Lapoujade, Robert, T\u00e9moignage \u00e0 propos de Chris Marker, Image et Son n\u00b073, 1963Audry, Colette, Lapoujade, Robert, Les \u00e9blouis, Art Sept n\u00b03, Lyon, 1963Lapoujade, Robert, Du montage au montrage, Revue l\u2019Arc n\u00b045, 1971Lapoujade, Robert , Un cin\u00e9ma sauvage, Positif n\u00b0129, 1971Lapoujade, Robert, Pour un cin\u00e9ma vertical, Cin\u00e9ma n\u00b0 181, propos d\u2019auteur, 1973Lapoujade, Robert, &hellip;<\/p>\n","protected":false},"author":1,"featured_media":0,"parent":0,"menu_order":0,"comment_status":"closed","ping_status":"closed","template":"elementor_header_footer","meta":{"_monsterinsights_skip_tracking":false,"_monsterinsights_sitenote_active":false,"_monsterinsights_sitenote_note":"","_monsterinsights_sitenote_category":0,"footnotes":""},"class_list":["post-8609","page","type-page","status-publish","hentry"],"yoast_head":"<!-- This site is optimized with the Yoast SEO plugin v26.9 - https:\/\/yoast.com\/product\/yoast-seo-wordpress\/ -->\n<title>Writings on Cinema \/ Interviews - Robert Lapoujade<\/title>\n<meta name=\"robots\" content=\"index, follow, max-snippet:-1, max-image-preview:large, max-video-preview:-1\" \/>\n<link rel=\"canonical\" href=\"https:\/\/robertlapoujade.com\/en\/writings-on-cinema-interviews\/\" \/>\n<meta property=\"og:locale\" content=\"en_US\" \/>\n<meta property=\"og:type\" content=\"article\" \/>\n<meta property=\"og:title\" content=\"Writings on Cinema \/ Interviews - Robert Lapoujade\" \/>\n<meta property=\"og:description\" content=\"WRITINGS (in French) Lapoujade, Robert, T\u00e9moignage \u00e0 propos de Chris Marker, Image et Son n\u00b073, 1963Audry, Colette, Lapoujade, Robert, Les \u00e9blouis, Art Sept n\u00b03, Lyon, 1963Lapoujade, Robert, Du montage au montrage, Revue l\u2019Arc n\u00b045, 1971Lapoujade, Robert , Un cin\u00e9ma sauvage, Positif n\u00b0129, 1971Lapoujade, Robert, Pour un cin\u00e9ma vertical, Cin\u00e9ma n\u00b0 181, propos d\u2019auteur, 1973Lapoujade, Robert, &hellip;\" \/>\n<meta property=\"og:url\" content=\"https:\/\/robertlapoujade.com\/en\/writings-on-cinema-interviews\/\" \/>\n<meta property=\"og:site_name\" content=\"Robert Lapoujade\" \/>\n<meta property=\"article:modified_time\" content=\"2024-02-25T11:34:42+00:00\" \/>\n<meta name=\"twitter:card\" content=\"summary_large_image\" \/>\n<meta name=\"twitter:label1\" content=\"Est. reading time\" \/>\n\t<meta name=\"twitter:data1\" content=\"1 minute\" \/>\n<script type=\"application\/ld+json\" class=\"yoast-schema-graph\">{\"@context\":\"https:\/\/schema.org\",\"@graph\":[{\"@type\":\"WebPage\",\"@id\":\"https:\/\/robertlapoujade.com\/en\/writings-on-cinema-interviews\/\",\"url\":\"https:\/\/robertlapoujade.com\/en\/writings-on-cinema-interviews\/\",\"name\":\"Writings on Cinema \/ Interviews - Robert Lapoujade\",\"isPartOf\":{\"@id\":\"https:\/\/robertlapoujade.com\/en\/#website\"},\"datePublished\":\"2022-12-04T07:45:49+00:00\",\"dateModified\":\"2024-02-25T11:34:42+00:00\",\"breadcrumb\":{\"@id\":\"https:\/\/robertlapoujade.com\/en\/writings-on-cinema-interviews\/#breadcrumb\"},\"inLanguage\":\"en-US\",\"potentialAction\":[{\"@type\":\"ReadAction\",\"target\":[\"https:\/\/robertlapoujade.com\/en\/writings-on-cinema-interviews\/\"]}]},{\"@type\":\"BreadcrumbList\",\"@id\":\"https:\/\/robertlapoujade.com\/en\/writings-on-cinema-interviews\/#breadcrumb\",\"itemListElement\":[{\"@type\":\"ListItem\",\"position\":1,\"name\":\"Accueil\",\"item\":\"https:\/\/robertlapoujade.com\/en\/\"},{\"@type\":\"ListItem\",\"position\":2,\"name\":\"Writings on Cinema \/ Interviews\"}]},{\"@type\":\"WebSite\",\"@id\":\"https:\/\/robertlapoujade.com\/en\/#website\",\"url\":\"https:\/\/robertlapoujade.com\/en\/\",\"name\":\"Robert Lapoujade\",\"description\":\"Site officiel de l&#039;Association Robert Lapoujade\",\"potentialAction\":[{\"@type\":\"SearchAction\",\"target\":{\"@type\":\"EntryPoint\",\"urlTemplate\":\"https:\/\/robertlapoujade.com\/en\/?s={search_term_string}\"},\"query-input\":{\"@type\":\"PropertyValueSpecification\",\"valueRequired\":true,\"valueName\":\"search_term_string\"}}],\"inLanguage\":\"en-US\"}]}<\/script>\n<!-- \/ Yoast SEO plugin. -->","yoast_head_json":{"title":"Writings on Cinema \/ Interviews - Robert Lapoujade","robots":{"index":"index","follow":"follow","max-snippet":"max-snippet:-1","max-image-preview":"max-image-preview:large","max-video-preview":"max-video-preview:-1"},"canonical":"https:\/\/robertlapoujade.com\/en\/writings-on-cinema-interviews\/","og_locale":"en_US","og_type":"article","og_title":"Writings on Cinema \/ Interviews - Robert Lapoujade","og_description":"WRITINGS (in French) Lapoujade, Robert, T\u00e9moignage \u00e0 propos de Chris Marker, Image et Son n\u00b073, 1963Audry, Colette, Lapoujade, Robert, Les \u00e9blouis, Art Sept n\u00b03, Lyon, 1963Lapoujade, Robert, Du montage au montrage, Revue l\u2019Arc n\u00b045, 1971Lapoujade, Robert , Un cin\u00e9ma sauvage, Positif n\u00b0129, 1971Lapoujade, Robert, Pour un cin\u00e9ma vertical, Cin\u00e9ma n\u00b0 181, propos d\u2019auteur, 1973Lapoujade, Robert, &hellip;","og_url":"https:\/\/robertlapoujade.com\/en\/writings-on-cinema-interviews\/","og_site_name":"Robert Lapoujade","article_modified_time":"2024-02-25T11:34:42+00:00","twitter_card":"summary_large_image","twitter_misc":{"Est. reading time":"1 minute"},"schema":{"@context":"https:\/\/schema.org","@graph":[{"@type":"WebPage","@id":"https:\/\/robertlapoujade.com\/en\/writings-on-cinema-interviews\/","url":"https:\/\/robertlapoujade.com\/en\/writings-on-cinema-interviews\/","name":"Writings on Cinema \/ Interviews - Robert Lapoujade","isPartOf":{"@id":"https:\/\/robertlapoujade.com\/en\/#website"},"datePublished":"2022-12-04T07:45:49+00:00","dateModified":"2024-02-25T11:34:42+00:00","breadcrumb":{"@id":"https:\/\/robertlapoujade.com\/en\/writings-on-cinema-interviews\/#breadcrumb"},"inLanguage":"en-US","potentialAction":[{"@type":"ReadAction","target":["https:\/\/robertlapoujade.com\/en\/writings-on-cinema-interviews\/"]}]},{"@type":"BreadcrumbList","@id":"https:\/\/robertlapoujade.com\/en\/writings-on-cinema-interviews\/#breadcrumb","itemListElement":[{"@type":"ListItem","position":1,"name":"Accueil","item":"https:\/\/robertlapoujade.com\/en\/"},{"@type":"ListItem","position":2,"name":"Writings on Cinema \/ Interviews"}]},{"@type":"WebSite","@id":"https:\/\/robertlapoujade.com\/en\/#website","url":"https:\/\/robertlapoujade.com\/en\/","name":"Robert Lapoujade","description":"Site officiel de l&#039;Association Robert Lapoujade","potentialAction":[{"@type":"SearchAction","target":{"@type":"EntryPoint","urlTemplate":"https:\/\/robertlapoujade.com\/en\/?s={search_term_string}"},"query-input":{"@type":"PropertyValueSpecification","valueRequired":true,"valueName":"search_term_string"}}],"inLanguage":"en-US"}]}},"_links":{"self":[{"href":"https:\/\/robertlapoujade.com\/en\/wp-json\/wp\/v2\/pages\/8609","targetHints":{"allow":["GET"]}}],"collection":[{"href":"https:\/\/robertlapoujade.com\/en\/wp-json\/wp\/v2\/pages"}],"about":[{"href":"https:\/\/robertlapoujade.com\/en\/wp-json\/wp\/v2\/types\/page"}],"author":[{"embeddable":true,"href":"https:\/\/robertlapoujade.com\/en\/wp-json\/wp\/v2\/users\/1"}],"replies":[{"embeddable":true,"href":"https:\/\/robertlapoujade.com\/en\/wp-json\/wp\/v2\/comments?post=8609"}],"version-history":[{"count":20,"href":"https:\/\/robertlapoujade.com\/en\/wp-json\/wp\/v2\/pages\/8609\/revisions"}],"predecessor-version":[{"id":9296,"href":"https:\/\/robertlapoujade.com\/en\/wp-json\/wp\/v2\/pages\/8609\/revisions\/9296"}],"wp:attachment":[{"href":"https:\/\/robertlapoujade.com\/en\/wp-json\/wp\/v2\/media?parent=8609"}],"curies":[{"name":"wp","href":"https:\/\/api.w.org\/{rel}","templated":true}]}}