{"id":8489,"date":"2022-12-04T08:52:37","date_gmt":"2022-12-04T07:52:37","guid":{"rendered":"https:\/\/robertlapoujade.com\/biographie\/"},"modified":"2022-12-26T08:38:13","modified_gmt":"2022-12-26T07:38:13","slug":"biography","status":"publish","type":"page","link":"https:\/\/robertlapoujade.com\/en\/biography\/","title":{"rendered":"Biography"},"content":{"rendered":"\t\t<div data-elementor-type=\"wp-page\" data-elementor-id=\"8489\" class=\"elementor elementor-8489 elementor-25\">\n\t\t\t\t<div class=\"elementor-element elementor-element-f2e5479 e-flex e-con-boxed e-con e-parent\" data-id=\"f2e5479\" data-element_type=\"container\" data-e-type=\"container\">\n\t\t\t\t\t<div class=\"e-con-inner\">\n\t\t\t\t<div class=\"elementor-element elementor-element-3c912e1 elementor-widget elementor-widget-heading\" data-id=\"3c912e1\" data-element_type=\"widget\" data-e-type=\"widget\" data-widget_type=\"heading.default\">\n\t\t\t\t<div class=\"elementor-widget-container\">\n\t\t\t\t\t<h2 class=\"elementor-heading-title elementor-size-default\">Biography - Robert Lapoujade<\/h2>\t\t\t\t<\/div>\n\t\t\t\t<\/div>\n\t\t\t\t<div class=\"elementor-element elementor-element-f48401b elementor-widget__width-initial elementor-widget elementor-widget-text-editor\" data-id=\"f48401b\" data-element_type=\"widget\" data-e-type=\"widget\" data-widget_type=\"text-editor.default\">\n\t\t\t\t<div class=\"elementor-widget-container\">\n\t\t\t\t\t\t\t\t\t<p>Robert Lapoujade, painter, filmmaker, writer, self-taught and committed artist, was born on January 3, 1921, in Montauban (Tarn et Garonne).<\/p><p>He participated in numerous individual and collective exhibitions, in France and abroad (Marzotto Prize in 1967). His pictorial work is accompanied by writings\u00a0 and is interrupted\u00a0 during a period in which he explores the potential of cinema. His first exhibition took place in Montauban in 1939. In 1942, he moved to Paris where he exhibited regularly starting in 1947. During this period, his paintings, drawings, engravings and illustrations were essentially figurative.<\/p>\t\t\t\t\t\t\t\t<\/div>\n\t\t\t\t<\/div>\n\t\t\t\t\t<\/div>\n\t\t\t\t<\/div>\n\t\t<div class=\"elementor-element elementor-element-ffc967d e-flex e-con-boxed e-con e-parent\" data-id=\"ffc967d\" data-element_type=\"container\" data-e-type=\"container\">\n\t\t\t\t\t<div class=\"e-con-inner\">\n\t\t<div class=\"elementor-element elementor-element-e678044 e-con-full e-flex e-con e-parent\" data-id=\"e678044\" data-element_type=\"container\" data-e-type=\"container\">\n\t\t\t\t<div class=\"elementor-element elementor-element-934661b elementor-widget elementor-widget-text-editor\" data-id=\"934661b\" data-element_type=\"widget\" data-e-type=\"widget\" data-widget_type=\"text-editor.default\">\n\t\t\t\t<div class=\"elementor-widget-container\">\n\t\t\t\t\t\t\t\t\t<p>The exhibition: \u201cPretext and formal painting\u201d (1950 &#8211; Galerie Mai, Paris) marks a turning point in his work, with the transition to the informal. The years 1950-1971 were a period of pictorial effervescence during which he also participated in the debates of the time on realism and abstraction. He presents numerous exhibitions on themes such as &#8216;Hell and the Mine&#8217;, &#8216;Eroticism and non-figuration&#8217;, &#8216;Riots&#8217;&#8230; There he shows his desire to give &#8220;meaning and significance&#8221; to his painting. Hiroshima, the deportation, the war in Algeria and May 1968\u2026 so many themes that were the occasion to never separate his political commitment from his painting.<br \/>He also devotes himself to writing. In addition to numerous articles published in &#8220;Les temps modernes, Les lettres nouvelles, l&#8217;Arc, Preuves, Positif&#8221;&#8230;, he published two essays &#8216;Le mal \u00e0 voir&#8217; (Ed. Messager Boiteux, 1950) and &#8216;Les M\u00e9canismes de fascination &#8216; (Ed du Seuil, 1955) where he explains his pictorial practice, then a novel &#8216;L&#8217;inadmissible&#8217; (Ed. Nadeau, 1970 ). He was also a lecturer at the film school, Ecole de Vaugirard (Paris, 1968-1971). His first short film &#8216;Enqu\u00eate sur un corps&#8217; in 1959 marked the beginning of his cinematographic research as an extension of his activity as a painter. This film is in live action, the films following are mainly films intended to set paintings in motion. His integration into the Research Department of the French Radio Television Office (RTF) in 1960 (then of the ORTF in 1965) favored the &#8216;research&#8217; orientation of his cinema and the deepening of the relationship between painting and cinema and of which he often spoke . The ten animated films he has made use a wide variety of techniques, drawing, scraping film, or direct painting under the camera, modifying the composition frame by frame. <br \/>From 1968, his pictorial activity was reduced by his preoccupation with the production of two feature films. He claims there the same freedom of plastic and political expression as in his painting. He directed &#8216;Le Socrate&#8217; (special jury prize at the Venice Festival) and &#8216;Le Sourire Vertical&#8217; (1973), in which live action, pixilation and numerous special effects alternated.<\/p><p>He later made two animated films, using puppets : a short film &#8216;A comedian without paradox&#8217; (1974) which won him the C\u00e9sar for animated film,\u00a0 and he worked on the development of &#8216;Memoirs of Don Quixote &#8216; (1977-1981), a musical comedy, unfinished, due to lack of means. <br \/>In 1981, he obtained the silver medal at the Salon of the Society of French Artists.<\/p><p>From 1980 to 1986, he became a professor at the college of decorative arts (L\u2019\u00c9cole sup\u00e9rieure des Arts d\u00e9coratifs). It was the time of the return to painting, which he had never entirely abandoned. He exhibits in several galleries. In 1984, he was appointed Officer of Arts and Letters, an honor conferred by the\u00a0 French Ministry of Culture.<\/p><p>After his death in 1993, two retrospectives were dedicated to him : in 1996 at the Ingres Museum in Montauban and in 1998 at the Galerie in Paris.<\/p>\t\t\t\t\t\t\t\t<\/div>\n\t\t\t\t<\/div>\n\t\t\t\t<\/div>\n\t\t<div class=\"elementor-element elementor-element-75c6b4d e-con-full e-flex e-con e-parent\" data-id=\"75c6b4d\" data-element_type=\"container\" data-e-type=\"container\">\n\t\t\t\t<div class=\"elementor-element elementor-element-08cff5d elementor-widget elementor-widget-image\" data-id=\"08cff5d\" data-element_type=\"widget\" data-e-type=\"widget\" data-widget_type=\"image.default\">\n\t\t\t\t<div class=\"elementor-widget-container\">\n\t\t\t\t\t\t\t\t\t\t\t\t\t\t\t\t<a href=\"https:\/\/robertlapoujade.com\/wp-content\/uploads\/biographie-diptych.png\" data-elementor-open-lightbox=\"yes\" data-e-action-hash=\"#elementor-action%3Aaction%3Dlightbox%26settings%3DeyJpZCI6ODEyMSwidXJsIjoiaHR0cHM6XC9cL3JvYmVydGxhcG91amFkZS5jb21cL3dwLWNvbnRlbnRcL3VwbG9hZHNcL2Jpb2dyYXBoaWUtZGlwdHljaC5wbmcifQ%3D%3D\">\n\t\t\t\t\t\t\t<img fetchpriority=\"high\" decoding=\"async\" width=\"651\" height=\"369\" src=\"https:\/\/robertlapoujade.com\/wp-content\/uploads\/biographie-diptych.png\" class=\"attachment-large size-large wp-image-8121\" alt=\"\" \/>\t\t\t\t\t\t\t\t<\/a>\n\t\t\t\t\t\t\t\t\t\t\t\t\t\t\t<\/div>\n\t\t\t\t<\/div>\n\t\t\t\t<div class=\"elementor-element elementor-element-9f2bf6a elementor-widget elementor-widget-image\" data-id=\"9f2bf6a\" data-element_type=\"widget\" data-e-type=\"widget\" data-widget_type=\"image.default\">\n\t\t\t\t<div class=\"elementor-widget-container\">\n\t\t\t\t\t\t\t\t\t\t\t\t\t\t\t\t<a href=\"https:\/\/robertlapoujade.com\/wp-content\/uploads\/biographie-CameraCloseup2.png\" data-elementor-open-lightbox=\"yes\" data-e-action-hash=\"#elementor-action%3Aaction%3Dlightbox%26settings%3DeyJpZCI6ODE1MiwidXJsIjoiaHR0cHM6XC9cL3JvYmVydGxhcG91amFkZS5jb21cL3dwLWNvbnRlbnRcL3VwbG9hZHNcL2Jpb2dyYXBoaWUtQ2FtZXJhQ2xvc2V1cDIucG5nIn0%3D\">\n\t\t\t\t\t\t\t<img decoding=\"async\" width=\"1272\" height=\"496\" src=\"https:\/\/robertlapoujade.com\/wp-content\/uploads\/biographie-CameraCloseup2.png\" class=\"attachment-large size-large wp-image-8152\" alt=\"\" srcset=\"https:\/\/robertlapoujade.com\/wp-content\/uploads\/biographie-CameraCloseup2.png 1272w, https:\/\/robertlapoujade.com\/wp-content\/uploads\/biographie-CameraCloseup2-768x299.png 768w\" sizes=\"(max-width: 1272px) 100vw, 1272px\" \/>\t\t\t\t\t\t\t\t<\/a>\n\t\t\t\t\t\t\t\t\t\t\t\t\t\t\t<\/div>\n\t\t\t\t<\/div>\n\t\t\t\t<div class=\"elementor-element elementor-element-92221e4 elementor-widget__width-initial overlay-expand elementor-widget elementor-widget-image\" data-id=\"92221e4\" data-element_type=\"widget\" data-e-type=\"widget\" data-widget_type=\"image.default\">\n\t\t\t\t<div class=\"elementor-widget-container\">\n\t\t\t\t\t\t\t\t\t\t\t\t\t\t\t\t<a href=\"https:\/\/robertlapoujade.com\/wp-content\/uploads\/bio-cesar-1977.jpg\" data-elementor-open-lightbox=\"yes\" data-e-action-hash=\"#elementor-action%3Aaction%3Dlightbox%26settings%3DeyJpZCI6ODE1MywidXJsIjoiaHR0cHM6XC9cL3JvYmVydGxhcG91amFkZS5jb21cL3dwLWNvbnRlbnRcL3VwbG9hZHNcL2Jpby1jZXNhci0xOTc3LmpwZyJ9\">\n\t\t\t\t\t\t\t<img decoding=\"async\" width=\"908\" height=\"720\" src=\"https:\/\/robertlapoujade.com\/wp-content\/uploads\/bio-cesar-1977.jpg\" class=\"attachment-large size-large wp-image-8153\" alt=\"\" srcset=\"https:\/\/robertlapoujade.com\/wp-content\/uploads\/bio-cesar-1977.jpg 908w, https:\/\/robertlapoujade.com\/wp-content\/uploads\/bio-cesar-1977-768x609.jpg 768w\" sizes=\"(max-width: 908px) 100vw, 908px\" \/>\t\t\t\t\t\t\t\t<\/a>\n\t\t\t\t\t\t\t\t\t\t\t\t\t\t\t<\/div>\n\t\t\t\t<\/div>\n\t\t\t\t<div class=\"elementor-element elementor-element-af63bc8 overlay-expand elementor-widget elementor-widget-image\" data-id=\"af63bc8\" data-element_type=\"widget\" data-e-type=\"widget\" data-widget_type=\"image.default\">\n\t\t\t\t<div class=\"elementor-widget-container\">\n\t\t\t\t\t\t\t\t\t\t\t\t\t\t\t\t<a href=\"https:\/\/robertlapoujade.com\/wp-content\/uploads\/biographie-lapoujade-et-ses-tableaux.png\" data-elementor-open-lightbox=\"yes\" data-e-action-hash=\"#elementor-action%3Aaction%3Dlightbox%26settings%3DeyJpZCI6ODEyMiwidXJsIjoiaHR0cHM6XC9cL3JvYmVydGxhcG91amFkZS5jb21cL3dwLWNvbnRlbnRcL3VwbG9hZHNcL2Jpb2dyYXBoaWUtbGFwb3VqYWRlLWV0LXNlcy10YWJsZWF1eC5wbmcifQ%3D%3D\">\n\t\t\t\t\t\t\t<img loading=\"lazy\" decoding=\"async\" width=\"1280\" height=\"720\" src=\"https:\/\/robertlapoujade.com\/wp-content\/uploads\/biographie-lapoujade-et-ses-tableaux.png\" class=\"attachment-large size-large wp-image-8122\" alt=\"\" srcset=\"https:\/\/robertlapoujade.com\/wp-content\/uploads\/biographie-lapoujade-et-ses-tableaux.png 1280w, https:\/\/robertlapoujade.com\/wp-content\/uploads\/biographie-lapoujade-et-ses-tableaux-768x432.png 768w\" sizes=\"(max-width: 1280px) 100vw, 1280px\" \/>\t\t\t\t\t\t\t\t<\/a>\n\t\t\t\t\t\t\t\t\t\t\t\t\t\t\t<\/div>\n\t\t\t\t<\/div>\n\t\t\t\t<\/div>\n\t\t\t\t\t<\/div>\n\t\t\t\t<\/div>\n\t\t\t\t<\/div>\n\t\t","protected":false},"excerpt":{"rendered":"<p>Biography &#8211; Robert Lapoujade Robert Lapoujade, painter, filmmaker, writer, self-taught and committed artist, was born on January 3, 1921, in Montauban (Tarn et Garonne). He participated in numerous individual and collective exhibitions, in France and abroad (Marzotto Prize in 1967). His pictorial work is accompanied by writings\u00a0 and is interrupted\u00a0 during a period in which &hellip;<\/p>\n","protected":false},"author":1,"featured_media":0,"parent":0,"menu_order":0,"comment_status":"closed","ping_status":"closed","template":"elementor_header_footer","meta":{"_monsterinsights_skip_tracking":false,"_monsterinsights_sitenote_active":false,"_monsterinsights_sitenote_note":"","_monsterinsights_sitenote_category":0,"footnotes":""},"class_list":["post-8489","page","type-page","status-publish","hentry"],"yoast_head":"<!-- This site is optimized with the Yoast SEO plugin v26.9 - https:\/\/yoast.com\/product\/yoast-seo-wordpress\/ -->\n<title>Lapoujade : Painter, Filmmaker, Writer<\/title>\n<meta name=\"description\" content=\"Lapoujade : Self-taught and engaged artist, he participated in numerous individual exhibitions and collective expositions in France and abroad.\" \/>\n<meta name=\"robots\" content=\"index, follow, max-snippet:-1, max-image-preview:large, max-video-preview:-1\" \/>\n<link rel=\"canonical\" href=\"https:\/\/robertlapoujade.com\/en\/biography\/\" \/>\n<meta property=\"og:locale\" content=\"en_US\" \/>\n<meta property=\"og:type\" content=\"article\" \/>\n<meta property=\"og:title\" content=\"Lapoujade : Painter, Filmmaker, Writer\" \/>\n<meta property=\"og:description\" content=\"Lapoujade : Self-taught and engaged artist, he participated in numerous individual exhibitions and collective expositions in France and abroad.\" \/>\n<meta property=\"og:url\" content=\"https:\/\/robertlapoujade.com\/en\/biography\/\" \/>\n<meta property=\"og:site_name\" content=\"Robert Lapoujade\" \/>\n<meta property=\"article:modified_time\" content=\"2022-12-26T07:38:13+00:00\" \/>\n<meta property=\"og:image\" content=\"https:\/\/robertlapoujade.com\/wp-content\/uploads\/biographie-diptych.png\" \/>\n<meta name=\"twitter:card\" content=\"summary_large_image\" \/>\n<meta name=\"twitter:label1\" content=\"Est. reading time\" \/>\n\t<meta name=\"twitter:data1\" content=\"4 minutes\" \/>\n<script type=\"application\/ld+json\" class=\"yoast-schema-graph\">{\"@context\":\"https:\/\/schema.org\",\"@graph\":[{\"@type\":\"WebPage\",\"@id\":\"https:\/\/robertlapoujade.com\/en\/biography\/\",\"url\":\"https:\/\/robertlapoujade.com\/en\/biography\/\",\"name\":\"Lapoujade : Painter, Filmmaker, Writer\",\"isPartOf\":{\"@id\":\"https:\/\/robertlapoujade.com\/en\/#website\"},\"primaryImageOfPage\":{\"@id\":\"https:\/\/robertlapoujade.com\/en\/biography\/#primaryimage\"},\"image\":{\"@id\":\"https:\/\/robertlapoujade.com\/en\/biography\/#primaryimage\"},\"thumbnailUrl\":\"https:\/\/robertlapoujade.com\/wp-content\/uploads\/biographie-diptych.png\",\"datePublished\":\"2022-12-04T07:52:37+00:00\",\"dateModified\":\"2022-12-26T07:38:13+00:00\",\"description\":\"Lapoujade : Self-taught and engaged artist, he participated in numerous individual exhibitions and collective expositions in France and abroad.\",\"breadcrumb\":{\"@id\":\"https:\/\/robertlapoujade.com\/en\/biography\/#breadcrumb\"},\"inLanguage\":\"en-US\",\"potentialAction\":[{\"@type\":\"ReadAction\",\"target\":[\"https:\/\/robertlapoujade.com\/en\/biography\/\"]}]},{\"@type\":\"ImageObject\",\"inLanguage\":\"en-US\",\"@id\":\"https:\/\/robertlapoujade.com\/en\/biography\/#primaryimage\",\"url\":\"https:\/\/robertlapoujade.com\/wp-content\/uploads\/biographie-diptych.png\",\"contentUrl\":\"https:\/\/robertlapoujade.com\/wp-content\/uploads\/biographie-diptych.png\"},{\"@type\":\"BreadcrumbList\",\"@id\":\"https:\/\/robertlapoujade.com\/en\/biography\/#breadcrumb\",\"itemListElement\":[{\"@type\":\"ListItem\",\"position\":1,\"name\":\"Accueil\",\"item\":\"https:\/\/robertlapoujade.com\/en\/\"},{\"@type\":\"ListItem\",\"position\":2,\"name\":\"Biography\"}]},{\"@type\":\"WebSite\",\"@id\":\"https:\/\/robertlapoujade.com\/en\/#website\",\"url\":\"https:\/\/robertlapoujade.com\/en\/\",\"name\":\"Robert Lapoujade\",\"description\":\"Site officiel de l&#039;Association Robert Lapoujade\",\"potentialAction\":[{\"@type\":\"SearchAction\",\"target\":{\"@type\":\"EntryPoint\",\"urlTemplate\":\"https:\/\/robertlapoujade.com\/en\/?s={search_term_string}\"},\"query-input\":{\"@type\":\"PropertyValueSpecification\",\"valueRequired\":true,\"valueName\":\"search_term_string\"}}],\"inLanguage\":\"en-US\"}]}<\/script>\n<!-- \/ Yoast SEO plugin. -->","yoast_head_json":{"title":"Lapoujade : Painter, Filmmaker, Writer","description":"Lapoujade : Self-taught and engaged artist, he participated in numerous individual exhibitions and collective expositions in France and abroad.","robots":{"index":"index","follow":"follow","max-snippet":"max-snippet:-1","max-image-preview":"max-image-preview:large","max-video-preview":"max-video-preview:-1"},"canonical":"https:\/\/robertlapoujade.com\/en\/biography\/","og_locale":"en_US","og_type":"article","og_title":"Lapoujade : Painter, Filmmaker, Writer","og_description":"Lapoujade : Self-taught and engaged artist, he participated in numerous individual exhibitions and collective expositions in France and abroad.","og_url":"https:\/\/robertlapoujade.com\/en\/biography\/","og_site_name":"Robert Lapoujade","article_modified_time":"2022-12-26T07:38:13+00:00","og_image":[{"url":"https:\/\/robertlapoujade.com\/wp-content\/uploads\/biographie-diptych.png","type":"","width":"","height":""}],"twitter_card":"summary_large_image","twitter_misc":{"Est. reading time":"4 minutes"},"schema":{"@context":"https:\/\/schema.org","@graph":[{"@type":"WebPage","@id":"https:\/\/robertlapoujade.com\/en\/biography\/","url":"https:\/\/robertlapoujade.com\/en\/biography\/","name":"Lapoujade : Painter, Filmmaker, Writer","isPartOf":{"@id":"https:\/\/robertlapoujade.com\/en\/#website"},"primaryImageOfPage":{"@id":"https:\/\/robertlapoujade.com\/en\/biography\/#primaryimage"},"image":{"@id":"https:\/\/robertlapoujade.com\/en\/biography\/#primaryimage"},"thumbnailUrl":"https:\/\/robertlapoujade.com\/wp-content\/uploads\/biographie-diptych.png","datePublished":"2022-12-04T07:52:37+00:00","dateModified":"2022-12-26T07:38:13+00:00","description":"Lapoujade : Self-taught and engaged artist, he participated in numerous individual exhibitions and collective expositions in France and abroad.","breadcrumb":{"@id":"https:\/\/robertlapoujade.com\/en\/biography\/#breadcrumb"},"inLanguage":"en-US","potentialAction":[{"@type":"ReadAction","target":["https:\/\/robertlapoujade.com\/en\/biography\/"]}]},{"@type":"ImageObject","inLanguage":"en-US","@id":"https:\/\/robertlapoujade.com\/en\/biography\/#primaryimage","url":"https:\/\/robertlapoujade.com\/wp-content\/uploads\/biographie-diptych.png","contentUrl":"https:\/\/robertlapoujade.com\/wp-content\/uploads\/biographie-diptych.png"},{"@type":"BreadcrumbList","@id":"https:\/\/robertlapoujade.com\/en\/biography\/#breadcrumb","itemListElement":[{"@type":"ListItem","position":1,"name":"Accueil","item":"https:\/\/robertlapoujade.com\/en\/"},{"@type":"ListItem","position":2,"name":"Biography"}]},{"@type":"WebSite","@id":"https:\/\/robertlapoujade.com\/en\/#website","url":"https:\/\/robertlapoujade.com\/en\/","name":"Robert Lapoujade","description":"Site officiel de l&#039;Association Robert Lapoujade","potentialAction":[{"@type":"SearchAction","target":{"@type":"EntryPoint","urlTemplate":"https:\/\/robertlapoujade.com\/en\/?s={search_term_string}"},"query-input":{"@type":"PropertyValueSpecification","valueRequired":true,"valueName":"search_term_string"}}],"inLanguage":"en-US"}]}},"_links":{"self":[{"href":"https:\/\/robertlapoujade.com\/en\/wp-json\/wp\/v2\/pages\/8489","targetHints":{"allow":["GET"]}}],"collection":[{"href":"https:\/\/robertlapoujade.com\/en\/wp-json\/wp\/v2\/pages"}],"about":[{"href":"https:\/\/robertlapoujade.com\/en\/wp-json\/wp\/v2\/types\/page"}],"author":[{"embeddable":true,"href":"https:\/\/robertlapoujade.com\/en\/wp-json\/wp\/v2\/users\/1"}],"replies":[{"embeddable":true,"href":"https:\/\/robertlapoujade.com\/en\/wp-json\/wp\/v2\/comments?post=8489"}],"version-history":[{"count":20,"href":"https:\/\/robertlapoujade.com\/en\/wp-json\/wp\/v2\/pages\/8489\/revisions"}],"predecessor-version":[{"id":8965,"href":"https:\/\/robertlapoujade.com\/en\/wp-json\/wp\/v2\/pages\/8489\/revisions\/8965"}],"wp:attachment":[{"href":"https:\/\/robertlapoujade.com\/en\/wp-json\/wp\/v2\/media?parent=8489"}],"curies":[{"name":"wp","href":"https:\/\/api.w.org\/{rel}","templated":true}]}}